{"id":16,"date":"2023-11-12T16:02:20","date_gmt":"2023-11-12T16:02:20","guid":{"rendered":"http:\/\/bijonsinhetbos.nl\/?page_id=16"},"modified":"2026-03-14T11:45:07","modified_gmt":"2026-03-14T11:45:07","slug":"tarieven-overnachten-b-b-bij-ons-in-het-bos-in-bergen-op-zoom","status":"publish","type":"page","link":"https:\/\/bijonsinhetbos.nl\/de\/tarieven-overnachten-b-b-bij-ons-in-het-bos-in-bergen-op-zoom\/","title":{"rendered":"Preise und Informationen"},"content":{"rendered":"<figure class=\"wp-block-gallery has-nested-images columns-default is-cropped wp-block-gallery-1 is-layout-flex wp-block-gallery-is-layout-flex\">\n<figure class=\"wp-block-image size-blossom-spa-pagination\"><img decoding=\"async\" width=\"370\" height=\"247\" data-id=\"694\" data-src=\"https:\/\/bijonsinhetbos.nl\/wp-content\/uploads\/2025\/04\/Afbeelding-van-WhatsApp-op-2025-04-29-om-17.23.43_779ed3b5-1-370x247.jpg\" alt=\"Tarieven overnachten B&amp;B Bij ons in het bos. Zonnig terras met veel privacy bij vakantiehuis B&amp;B Bij ons in het bos in Bergen op Zoom in Noord-Brabant\" class=\"wp-image-694 lazyload\" data-srcset=\"https:\/\/bijonsinhetbos.nl\/wp-content\/uploads\/2025\/04\/Afbeelding-van-WhatsApp-op-2025-04-29-om-17.23.43_779ed3b5-1-370x247.jpg 370w, https:\/\/bijonsinhetbos.nl\/wp-content\/uploads\/2025\/04\/Afbeelding-van-WhatsApp-op-2025-04-29-om-17.23.43_779ed3b5-1-776x517.jpg 776w\" data-sizes=\"(max-width: 370px) 100vw, 370px\" src=\"data:image\/svg+xml;base64,PHN2ZyB3aWR0aD0iMSIgaGVpZ2h0PSIxIiB4bWxucz0iaHR0cDovL3d3dy53My5vcmcvMjAwMC9zdmciPjwvc3ZnPg==\" style=\"--smush-placeholder-width: 370px; --smush-placeholder-aspect-ratio: 370\/247;\" \/><\/figure>\n\n\n\n<figure class=\"wp-block-image size-blossom-spa-pagination\"><img decoding=\"async\" width=\"370\" height=\"247\" data-id=\"695\" data-src=\"https:\/\/bijonsinhetbos.nl\/wp-content\/uploads\/2025\/04\/IMG-20250429-WA0018-1-370x247.jpg\" alt=\"Tarieven overnachten B&amp;B Bij ons in het bos. Zonnig terras met veel privacy bij vakantiehuis B&amp;B Bij ons in het bos in Bergen op Zoom in Noord-Brabant\" class=\"wp-image-695 lazyload\" data-srcset=\"https:\/\/bijonsinhetbos.nl\/wp-content\/uploads\/2025\/04\/IMG-20250429-WA0018-1-370x247.jpg 370w, https:\/\/bijonsinhetbos.nl\/wp-content\/uploads\/2025\/04\/IMG-20250429-WA0018-1-776x517.jpg 776w\" data-sizes=\"(max-width: 370px) 100vw, 370px\" src=\"data:image\/svg+xml;base64,PHN2ZyB3aWR0aD0iMSIgaGVpZ2h0PSIxIiB4bWxucz0iaHR0cDovL3d3dy53My5vcmcvMjAwMC9zdmciPjwvc3ZnPg==\" style=\"--smush-placeholder-width: 370px; --smush-placeholder-aspect-ratio: 370\/247;\" \/><\/figure>\n<\/figure>\n\n\n\n<h2 class=\"wp-block-heading has-medium-font-size\">Tarieven overnachten B&amp;B Bij ons in het bos <br><\/h2>\n\n\n\n<h3 class=\"wp-block-heading has-medium-font-size\">Laagseizoen (januari, februari, maart, november en december):<\/h3>\n\n\n\n<p>2 overnachtingen: \u20ac 149,- per nacht <br>1 overnachting \u20ac 174,-<br>Midweek (ma-vr) \u20ac 556,- <br>Kurtaxe \u20ac 3,- pro Person und Nacht <br>Let op:  met de feestdagen gelden andere tarieven<\/p>\n\n\n\n<h3 class=\"wp-block-heading has-medium-font-size\">Middenseizoen (april, mei, juni, september en oktober):<\/h3>\n\n\n\n<p style=\"font-size:18px\">2 overnachtingen: \u20ac 159,- per nacht .<strong><br><\/strong>1 overnachting: \u20ac 184,- <br>Midweek (ma-vr): \u20ac 596,- <br>Kurtaxe \u20ac 3,- pro Person und Nacht <br>Achtung! Feiertage fallen nicht unter den Nebensaisonpreis.<\/p>\n\n\n\n<h3 class=\"wp-block-heading has-medium-font-size\">Hoogseizoen en feestdagen (juli en augustus):<\/h3>\n\n\n\n<p style=\"font-size:18px\">2 overnachtingen: \u20ac 174,- per nacht <br>1 overnachting: \u20ac 199,- <br>Midweek (ma-vr): \u20ac 656 ,- <br>Kurtaxe \u20ac 3,- pro Person und Nacht<\/p>\n\n\n\n<p style=\"font-size:18px\"><a href=\"https:\/\/bijonsinhetbos.nl\/reserveer-een-luxe-overnachting-bij-bb-bij-ons-in-het-bos-in-bergen-op-zoom\/\">Rechtstreeks reserveren<\/a>.<br>Hier finden Sie unsere Preise auf <a href=\"https:\/\/www.booking.com\/hotel\/nl\/bed-and-breakfast-bij-ons-in-het-bos.nl.html?aid=318615&amp;label=New_Dutch_NL_NL_21456918625-OS13PUgJODlSek21FTm6sAS217244945697%3Apl%3Ata%3Ap1%3Ap2%3Aac%3Aap%3Aneg%3Afi%3Atidsa-162435867625%3Alp9064708%3Ali%3Adec%3Adm&amp;sid=2b30bd006225f83f3638cc660b112e4e&amp;dest_id=-2141129&amp;dest_type=city&amp;dist=0&amp;group_adults=2&amp;group_children=0&amp;hapos=1&amp;hpos=1&amp;no_rooms=1&amp;req_adults=2&amp;req_children=0&amp;room1=A%2CA&amp;sb_price_type=total&amp;sr_order=popularity&amp;srepoch=1747819125&amp;srpvid=89eb4177f8f71a73&amp;type=total&amp;ucfs=1&amp;\">Booking.com<\/a> en <a href=\"https:\/\/www.airbnb.nl\/rooms\/51914665?adults=2&amp;location=bergen%20op%20zoom%2C%20nederland&amp;search_mode=regular_search&amp;check_in=2025-06-01&amp;check_out=2025-06-06&amp;children=0&amp;infants=0&amp;pets=0&amp;source_impression_id=p3_1747834336_P3fdcPeH2CqekURv&amp;previous_page_section_name=1001&amp;federated_search_id=54fb1d68-f822-40f0-91fb-710946459597\">Airbnb.com<\/a>.<\/p>\n\n\n\n<h2 class=\"wp-block-heading has-medium-font-size\"><span style=\"text-decoration: underline;\">Ankunfts- und Abflugzeiten:<\/span><\/h2>\n\n\n\n<p>Check-in: ab 15:00 Uhr<br>Check-out: bis 11:00 Uhr<\/p>\n\n\n\n<h2 class=\"wp-block-heading has-medium-font-size\"><span style=\"text-decoration: underline;\">Fr\u00fchst\u00fcck (optional)<\/span> (optioneel)<\/h2>\n\n\n\n<p>Auf Wunsch liefern wir Ihnen das Fr\u00fchst\u00fcck zwischen 9:00 und 10:30 Uhr ins Chalet.<br>Preis: 24,50 \u20ac pro Person (nur f\u00fcr 2 Personen m\u00f6glich)<\/p>\n\n\n\n<p class=\"has-medium-font-size\"><strong>Wichtig<\/strong>:<\/p>\n\n\n\n<ul style=\"font-size:18px\" class=\"wp-block-list\">\n<li>Das Fr\u00fchst\u00fcck wird von einem externen Caterer bereitgestellt<\/li>\n\n\n\n<li>Sie zahlen daher direkt an den Caterer<\/li>\n\n\n\n<li>Leider k\u00f6nnen di\u00e4tetische Bed\u00fcrfnisse nicht ber\u00fccksichtigt werden<\/li>\n\n\n\n<li>Sie k\u00f6nnen sich Ihr Fr\u00fchst\u00fcck jedoch auch selbst aus einer Auswahl zusammenstellen<br><\/li>\n<\/ul>\n\n\n\n<p>Sie m\u00f6chten Ihr Fr\u00fchst\u00fcck lieber selbst zubereiten? Dann nutzen Sie die voll ausgestattete K\u00fcche im Chalet.<\/p>\n\n\n\n<figure class=\"wp-block-gallery has-nested-images columns-4 is-cropped wp-block-gallery-2 is-layout-flex wp-block-gallery-is-layout-flex\">\n<figure class=\"wp-block-image size-blossom-spa-pagination\"><img decoding=\"async\" width=\"370\" height=\"247\" data-id=\"578\" data-src=\"https:\/\/bijonsinhetbos.nl\/wp-content\/uploads\/2024\/11\/20240403_092201-370x247.jpg\" alt=\"Tarieven overnachten Bed and Breakfast Bij ons in het bos Luxe ontbijt in vakantiehuis B&amp;B Bij ons in het bos in Bergen op Zoom in Noord-Brabant\" class=\"wp-image-578 lazyload\" data-srcset=\"https:\/\/bijonsinhetbos.nl\/wp-content\/uploads\/2024\/11\/20240403_092201-370x247.jpg 370w, https:\/\/bijonsinhetbos.nl\/wp-content\/uploads\/2024\/11\/20240403_092201-776x517.jpg 776w\" data-sizes=\"(max-width: 370px) 100vw, 370px\" src=\"data:image\/svg+xml;base64,PHN2ZyB3aWR0aD0iMSIgaGVpZ2h0PSIxIiB4bWxucz0iaHR0cDovL3d3dy53My5vcmcvMjAwMC9zdmciPjwvc3ZnPg==\" style=\"--smush-placeholder-width: 370px; --smush-placeholder-aspect-ratio: 370\/247;\" \/><\/figure>\n\n\n\n<figure class=\"wp-block-image size-blossom-spa-pagination\"><img decoding=\"async\" width=\"370\" height=\"247\" data-id=\"579\" data-src=\"https:\/\/bijonsinhetbos.nl\/wp-content\/uploads\/2024\/11\/20240908_090417-370x247.jpg\" alt=\"Tarieven overnachten Bed and Breakfast Bij ons in het bos. Luxe ontbijt met heerlijke aardbeien in chalet B&amp;B Bij ons in het bos in Bergen op Zoom in Noord-Brabant\" class=\"wp-image-579 lazyload\" data-srcset=\"https:\/\/bijonsinhetbos.nl\/wp-content\/uploads\/2024\/11\/20240908_090417-370x247.jpg 370w, https:\/\/bijonsinhetbos.nl\/wp-content\/uploads\/2024\/11\/20240908_090417-776x517.jpg 776w\" data-sizes=\"(max-width: 370px) 100vw, 370px\" src=\"data:image\/svg+xml;base64,PHN2ZyB3aWR0aD0iMSIgaGVpZ2h0PSIxIiB4bWxucz0iaHR0cDovL3d3dy53My5vcmcvMjAwMC9zdmciPjwvc3ZnPg==\" style=\"--smush-placeholder-width: 370px; --smush-placeholder-aspect-ratio: 370\/247;\" \/><\/figure>\n\n\n\n<figure class=\"wp-block-image size-blossom-spa-pagination\"><img decoding=\"async\" width=\"370\" height=\"247\" data-id=\"577\" data-src=\"https:\/\/bijonsinhetbos.nl\/wp-content\/uploads\/2024\/11\/20240317_085029-370x247.jpg\" alt=\"Luxe ontbijt in bed and breakfast B&amp;B Bij ons in het bos in Bergen op Zoom in Noord-Brabant\" class=\"wp-image-577 lazyload\" data-srcset=\"https:\/\/bijonsinhetbos.nl\/wp-content\/uploads\/2024\/11\/20240317_085029-370x247.jpg 370w, https:\/\/bijonsinhetbos.nl\/wp-content\/uploads\/2024\/11\/20240317_085029-776x517.jpg 776w\" data-sizes=\"(max-width: 370px) 100vw, 370px\" src=\"data:image\/svg+xml;base64,PHN2ZyB3aWR0aD0iMSIgaGVpZ2h0PSIxIiB4bWxucz0iaHR0cDovL3d3dy53My5vcmcvMjAwMC9zdmciPjwvc3ZnPg==\" style=\"--smush-placeholder-width: 370px; --smush-placeholder-aspect-ratio: 370\/247;\" \/><\/figure>\n\n\n\n<figure class=\"wp-block-image size-blossom-spa-pagination\"><img decoding=\"async\" width=\"370\" height=\"247\" data-id=\"576\" data-src=\"https:\/\/bijonsinhetbos.nl\/wp-content\/uploads\/2024\/11\/20240113_084432-370x247.jpg\" alt=\"Luxe ontbijt in b en b B&amp;B Bij ons in het bos in Bergen op Zoom in Noord-Brabant Zeeland\" class=\"wp-image-576 lazyload\" data-srcset=\"https:\/\/bijonsinhetbos.nl\/wp-content\/uploads\/2024\/11\/20240113_084432-370x247.jpg 370w, https:\/\/bijonsinhetbos.nl\/wp-content\/uploads\/2024\/11\/20240113_084432-776x517.jpg 776w\" data-sizes=\"(max-width: 370px) 100vw, 370px\" src=\"data:image\/svg+xml;base64,PHN2ZyB3aWR0aD0iMSIgaGVpZ2h0PSIxIiB4bWxucz0iaHR0cDovL3d3dy53My5vcmcvMjAwMC9zdmciPjwvc3ZnPg==\" style=\"--smush-placeholder-width: 370px; --smush-placeholder-aspect-ratio: 370\/247;\" \/><\/figure>\n<\/figure>\n\n\n\n<h2 class=\"wp-block-heading has-medium-font-size\">Wichtige Informationen f\u00fcr Ihren Aufenthalt<\/h2>\n\n\n\n<h2 class=\"wp-block-heading has-medium-font-size\"><span style=\"text-decoration: underline;\">Stornieren<\/span><strong> <\/strong><\/h2>\n\n\n\n<p>Gut zu wissen: Eine Stornierung ist bis 14 Tage vor Anreise kostenlos m\u00f6glich.<br>Ab diesem Zeitpunkt berechnen wir den Gesamtbetrag. Daher empfehlen wir, uns rechtzeitig zu informieren, falls sich Ihre Reisepl\u00e4ne \u00e4ndern.<\/p>\n\n\n\n<h2 class=\"wp-block-heading has-medium-font-size\"><span style=\"text-decoration: underline;\">Altersgrenze<\/span><\/h2>\n\n\n\n<p>Das Mindestalter f\u00fcr G\u00e4ste betr\u00e4gt 21 Jahre. Damit sorgen wir f\u00fcr Ruhe und Komfort f\u00fcr alle Besucher. <strong>21 jaar<\/strong> voor gasten. Zo waarborgen we rust en comfort voor iedereen.<\/p>\n\n\n\n<h2 class=\"wp-block-heading has-medium-font-size\"><span style=\"text-decoration: underline;\">Haustiere<\/span><\/h2>\n\n\n\n<p>Haustiere sind in unserem B&amp;B leider nicht gestattet \u2013 so bleibt Ihr Aufenthalt f\u00fcr alle G\u00e4ste hygienisch und allergenfrei.<\/p>\n\n\n\n<h2 class=\"wp-block-heading has-medium-font-size\"><span style=\"text-decoration: underline;\">Besonderheiten<\/span><\/h2>\n\n\n\n<p>W\u00e4hrend Ihres Aufenthalts im B&amp;B Bij ons in het bos genie\u00dfen Sie zahlreiche Annehmlichkeiten, die bereits im Preis inbegriffen sind:<\/p>\n\n\n\n<ul class=\"wp-block-list\">\n<li>Endreinigung inklusive \u2013 Sie reisen ganz entspannt ab<\/li>\n\n\n\n<li>Kostenfreie Nutzung von 2 Damenfahrr\u00e4dern (keine E-Bikes)<\/li>\n\n\n\n<li>Gratis Parkpl\u00e4tze direkt am Haus<\/li>\n\n\n\n<li>Kostenloses WLAN<\/li>\n\n\n\n<li>Sichere Abstellm\u00f6glichkeiten f\u00fcr Fahrr\u00e4der auf einem abgeschlossenen Grundst\u00fcck<\/li>\n<\/ul>\n\n\n\n<p><strong>Hausregeln<\/strong>\u2013 f\u00fcr einen angenehmen Aufenthalt:<\/p>\n\n\n\n<ul class=\"wp-block-list\">\n<li>Rauchen im Chalet ist nicht erlaubt<\/li>\n\n\n\n<li>Raclette, Fondue und Grillen sind nicht gestattet<\/li>\n\n\n\n<li>Besuch von externen G\u00e4sten nur nach vorheriger Absprache<\/li>\n\n\n\n<li>Der Konsum von Lachgas oder Bet\u00e4ubungsmitteln ist nicht gestattet<\/li>\n<\/ul>\n\n\n\n<p>Kurzum: Alles ist vorbereitet f\u00fcr einen erholsamen und unbeschwerten Aufenthalt.<\/p>","protected":false},"excerpt":{"rendered":"<p>Tarieven overnachten B&amp;B Bij ons in het bos Laagseizoen (januari, februari, maart, november en december): 2 overnachtingen: \u20ac 149,- per nacht 1 overnachting \u20ac 174,-Midweek (ma-vr) \u20ac 556,- Toeristenbelasting \u20ac &hellip; <\/p>","protected":false},"author":1,"featured_media":0,"parent":0,"menu_order":0,"comment_status":"closed","ping_status":"closed","template":"","meta":{"footnotes":""},"class_list":["post-16","page","type-page","status-publish","hentry","latest_post"],"yoast_head":"<!-- This site is optimized with the Yoast SEO plugin v27.6 - https:\/\/yoast.com\/product\/yoast-seo-wordpress\/ -->\n<title>Tarieven overnachten B&amp;B Bij ons in het bos - Prijzen en info<\/title>\n<meta name=\"description\" content=\"Tarieven overnachten B&amp;B Bij ons in het bos in Bergen op Zoom. Boek een luxe overnachting in de natuur van Brabant.\" \/>\n<meta name=\"robots\" content=\"index, follow, max-snippet:-1, max-image-preview:large, max-video-preview:-1\" \/>\n<link rel=\"canonical\" href=\"https:\/\/bijonsinhetbos.nl\/de\/tarieven-overnachten-b-b-bij-ons-in-het-bos-in-bergen-op-zoom\/\" \/>\n<meta property=\"og:locale\" content=\"de_DE\" \/>\n<meta property=\"og:type\" content=\"article\" \/>\n<meta property=\"og:title\" content=\"Tarieven overnachten B&amp;B Bij ons in het bos - Prijzen en info\" \/>\n<meta property=\"og:description\" content=\"Tarieven overnachten B&amp;B Bij ons in het bos in Bergen op Zoom. Boek een luxe overnachting in de natuur van Brabant.\" \/>\n<meta property=\"og:url\" content=\"https:\/\/bijonsinhetbos.nl\/de\/tarieven-overnachten-b-b-bij-ons-in-het-bos-in-bergen-op-zoom\/\" \/>\n<meta property=\"article:publisher\" content=\"https:\/\/www.facebook.com\/bijonsinhetbos\" \/>\n<meta property=\"article:modified_time\" content=\"2026-03-14T11:45:07+00:00\" \/>\n<meta property=\"og:image\" content=\"https:\/\/bijonsinhetbos.nl\/wp-content\/uploads\/2025\/04\/Afbeelding-van-WhatsApp-op-2025-04-29-om-17.23.43_779ed3b5-1.jpg\" \/>\n\t<meta property=\"og:image:width\" content=\"1500\" \/>\n\t<meta property=\"og:image:height\" content=\"2000\" \/>\n\t<meta property=\"og:image:type\" content=\"image\/jpeg\" \/>\n<meta name=\"twitter:card\" content=\"summary_large_image\" \/>\n<meta name=\"twitter:label1\" content=\"Gesch\u00e4tzte Lesezeit\" \/>\n\t<meta name=\"twitter:data1\" content=\"4\u00a0Minuten\" \/>\n<script type=\"application\/ld+json\" class=\"yoast-schema-graph\">{\"@context\":\"https:\\\/\\\/schema.org\",\"@graph\":[{\"@type\":\"WebPage\",\"@id\":\"https:\\\/\\\/bijonsinhetbos.nl\\\/tarieven-overnachten-b-b-bij-ons-in-het-bos-in-bergen-op-zoom\\\/\",\"url\":\"https:\\\/\\\/bijonsinhetbos.nl\\\/tarieven-overnachten-b-b-bij-ons-in-het-bos-in-bergen-op-zoom\\\/\",\"name\":\"Tarieven overnachten B&B Bij ons in het bos - Prijzen en info\",\"isPartOf\":{\"@id\":\"https:\\\/\\\/bijonsinhetbos.nl\\\/#website\"},\"primaryImageOfPage\":{\"@id\":\"https:\\\/\\\/bijonsinhetbos.nl\\\/tarieven-overnachten-b-b-bij-ons-in-het-bos-in-bergen-op-zoom\\\/#primaryimage\"},\"image\":{\"@id\":\"https:\\\/\\\/bijonsinhetbos.nl\\\/tarieven-overnachten-b-b-bij-ons-in-het-bos-in-bergen-op-zoom\\\/#primaryimage\"},\"thumbnailUrl\":\"https:\\\/\\\/bijonsinhetbos.nl\\\/wp-content\\\/uploads\\\/2025\\\/04\\\/Afbeelding-van-WhatsApp-op-2025-04-29-om-17.23.43_779ed3b5-1-370x247.jpg\",\"datePublished\":\"2023-11-12T16:02:20+00:00\",\"dateModified\":\"2026-03-14T11:45:07+00:00\",\"description\":\"Tarieven overnachten B&B Bij ons in het bos in Bergen op Zoom. Boek een luxe overnachting in de natuur van Brabant.\",\"breadcrumb\":{\"@id\":\"https:\\\/\\\/bijonsinhetbos.nl\\\/tarieven-overnachten-b-b-bij-ons-in-het-bos-in-bergen-op-zoom\\\/#breadcrumb\"},\"inLanguage\":\"de\",\"potentialAction\":[{\"@type\":\"ReadAction\",\"target\":[\"https:\\\/\\\/bijonsinhetbos.nl\\\/tarieven-overnachten-b-b-bij-ons-in-het-bos-in-bergen-op-zoom\\\/\"]}]},{\"@type\":\"ImageObject\",\"inLanguage\":\"de\",\"@id\":\"https:\\\/\\\/bijonsinhetbos.nl\\\/tarieven-overnachten-b-b-bij-ons-in-het-bos-in-bergen-op-zoom\\\/#primaryimage\",\"url\":\"https:\\\/\\\/bijonsinhetbos.nl\\\/wp-content\\\/uploads\\\/2025\\\/04\\\/Afbeelding-van-WhatsApp-op-2025-04-29-om-17.23.43_779ed3b5-1-370x247.jpg\",\"contentUrl\":\"https:\\\/\\\/bijonsinhetbos.nl\\\/wp-content\\\/uploads\\\/2025\\\/04\\\/Afbeelding-van-WhatsApp-op-2025-04-29-om-17.23.43_779ed3b5-1-370x247.jpg\"},{\"@type\":\"BreadcrumbList\",\"@id\":\"https:\\\/\\\/bijonsinhetbos.nl\\\/tarieven-overnachten-b-b-bij-ons-in-het-bos-in-bergen-op-zoom\\\/#breadcrumb\",\"itemListElement\":[{\"@type\":\"ListItem\",\"position\":1,\"name\":\"Home\",\"item\":\"https:\\\/\\\/bijonsinhetbos.nl\\\/\"},{\"@type\":\"ListItem\",\"position\":2,\"name\":\"Tarieven en info\"}]},{\"@type\":\"WebSite\",\"@id\":\"https:\\\/\\\/bijonsinhetbos.nl\\\/#website\",\"url\":\"https:\\\/\\\/bijonsinhetbos.nl\\\/\",\"name\":\"B&B Bij ons in het bos\",\"description\":\"\",\"publisher\":{\"@id\":\"https:\\\/\\\/bijonsinhetbos.nl\\\/#organization\"},\"alternateName\":\"Bed and breakfast in Bergen op Zoom\",\"potentialAction\":[{\"@type\":\"SearchAction\",\"target\":{\"@type\":\"EntryPoint\",\"urlTemplate\":\"https:\\\/\\\/bijonsinhetbos.nl\\\/?s={search_term_string}\"},\"query-input\":{\"@type\":\"PropertyValueSpecification\",\"valueRequired\":true,\"valueName\":\"search_term_string\"}}],\"inLanguage\":\"de\"},{\"@type\":\"Organization\",\"@id\":\"https:\\\/\\\/bijonsinhetbos.nl\\\/#organization\",\"name\":\"Bed and Breakfast\",\"alternateName\":\"BedAndBreakfast\",\"url\":\"https:\\\/\\\/bijonsinhetbos.nl\\\/\",\"logo\":{\"@type\":\"ImageObject\",\"inLanguage\":\"de\",\"@id\":\"https:\\\/\\\/bijonsinhetbos.nl\\\/#\\\/schema\\\/logo\\\/image\\\/\",\"url\":\"https:\\\/\\\/bijonsinhetbos.nl\\\/wp-content\\\/uploads\\\/2023\\\/11\\\/cropped-Bijonsinhetbos-LOGO-1.jpg\",\"contentUrl\":\"https:\\\/\\\/bijonsinhetbos.nl\\\/wp-content\\\/uploads\\\/2023\\\/11\\\/cropped-Bijonsinhetbos-LOGO-1.jpg\",\"width\":512,\"height\":512,\"caption\":\"Bed and Breakfast\"},\"image\":{\"@id\":\"https:\\\/\\\/bijonsinhetbos.nl\\\/#\\\/schema\\\/logo\\\/image\\\/\"},\"sameAs\":[\"https:\\\/\\\/www.facebook.com\\\/bijonsinhetbos\",\"https:\\\/\\\/www.instagram.com\\\/bijonsinhetbos\\\/\"]}]}<\/script>\n<!-- \/ Yoast SEO plugin. -->","yoast_head_json":{"title":"Tarieven overnachten B&B Bij ons in het bos - Prijzen en info","description":"Tarieven overnachten B&B Bij ons in het bos in Bergen op Zoom. Boek een luxe overnachting in de natuur van Brabant.","robots":{"index":"index","follow":"follow","max-snippet":"max-snippet:-1","max-image-preview":"max-image-preview:large","max-video-preview":"max-video-preview:-1"},"canonical":"https:\/\/bijonsinhetbos.nl\/de\/tarieven-overnachten-b-b-bij-ons-in-het-bos-in-bergen-op-zoom\/","og_locale":"de_DE","og_type":"article","og_title":"Tarieven overnachten B&B Bij ons in het bos - Prijzen en info","og_description":"Tarieven overnachten B&B Bij ons in het bos in Bergen op Zoom. Boek een luxe overnachting in de natuur van Brabant.","og_url":"https:\/\/bijonsinhetbos.nl\/de\/tarieven-overnachten-b-b-bij-ons-in-het-bos-in-bergen-op-zoom\/","article_publisher":"https:\/\/www.facebook.com\/bijonsinhetbos","article_modified_time":"2026-03-14T11:45:07+00:00","og_image":[{"width":1500,"height":2000,"url":"https:\/\/bijonsinhetbos.nl\/wp-content\/uploads\/2025\/04\/Afbeelding-van-WhatsApp-op-2025-04-29-om-17.23.43_779ed3b5-1.jpg","type":"image\/jpeg"}],"twitter_card":"summary_large_image","twitter_misc":{"Gesch\u00e4tzte Lesezeit":"4\u00a0Minuten"},"schema":{"@context":"https:\/\/schema.org","@graph":[{"@type":"WebPage","@id":"https:\/\/bijonsinhetbos.nl\/tarieven-overnachten-b-b-bij-ons-in-het-bos-in-bergen-op-zoom\/","url":"https:\/\/bijonsinhetbos.nl\/tarieven-overnachten-b-b-bij-ons-in-het-bos-in-bergen-op-zoom\/","name":"Tarieven overnachten B&B Bij ons in het bos - Prijzen en info","isPartOf":{"@id":"https:\/\/bijonsinhetbos.nl\/#website"},"primaryImageOfPage":{"@id":"https:\/\/bijonsinhetbos.nl\/tarieven-overnachten-b-b-bij-ons-in-het-bos-in-bergen-op-zoom\/#primaryimage"},"image":{"@id":"https:\/\/bijonsinhetbos.nl\/tarieven-overnachten-b-b-bij-ons-in-het-bos-in-bergen-op-zoom\/#primaryimage"},"thumbnailUrl":"https:\/\/bijonsinhetbos.nl\/wp-content\/uploads\/2025\/04\/Afbeelding-van-WhatsApp-op-2025-04-29-om-17.23.43_779ed3b5-1-370x247.jpg","datePublished":"2023-11-12T16:02:20+00:00","dateModified":"2026-03-14T11:45:07+00:00","description":"Tarieven overnachten B&B Bij ons in het bos in Bergen op Zoom. Boek een luxe overnachting in de natuur van Brabant.","breadcrumb":{"@id":"https:\/\/bijonsinhetbos.nl\/tarieven-overnachten-b-b-bij-ons-in-het-bos-in-bergen-op-zoom\/#breadcrumb"},"inLanguage":"de","potentialAction":[{"@type":"ReadAction","target":["https:\/\/bijonsinhetbos.nl\/tarieven-overnachten-b-b-bij-ons-in-het-bos-in-bergen-op-zoom\/"]}]},{"@type":"ImageObject","inLanguage":"de","@id":"https:\/\/bijonsinhetbos.nl\/tarieven-overnachten-b-b-bij-ons-in-het-bos-in-bergen-op-zoom\/#primaryimage","url":"https:\/\/bijonsinhetbos.nl\/wp-content\/uploads\/2025\/04\/Afbeelding-van-WhatsApp-op-2025-04-29-om-17.23.43_779ed3b5-1-370x247.jpg","contentUrl":"https:\/\/bijonsinhetbos.nl\/wp-content\/uploads\/2025\/04\/Afbeelding-van-WhatsApp-op-2025-04-29-om-17.23.43_779ed3b5-1-370x247.jpg"},{"@type":"BreadcrumbList","@id":"https:\/\/bijonsinhetbos.nl\/tarieven-overnachten-b-b-bij-ons-in-het-bos-in-bergen-op-zoom\/#breadcrumb","itemListElement":[{"@type":"ListItem","position":1,"name":"Home","item":"https:\/\/bijonsinhetbos.nl\/"},{"@type":"ListItem","position":2,"name":"Tarieven en info"}]},{"@type":"WebSite","@id":"https:\/\/bijonsinhetbos.nl\/#website","url":"https:\/\/bijonsinhetbos.nl\/","name":"B&B Bij ons in het bos","description":"","publisher":{"@id":"https:\/\/bijonsinhetbos.nl\/#organization"},"alternateName":"Bed and breakfast in Bergen op Zoom","potentialAction":[{"@type":"SearchAction","target":{"@type":"EntryPoint","urlTemplate":"https:\/\/bijonsinhetbos.nl\/?s={search_term_string}"},"query-input":{"@type":"PropertyValueSpecification","valueRequired":true,"valueName":"search_term_string"}}],"inLanguage":"de"},{"@type":"Organization","@id":"https:\/\/bijonsinhetbos.nl\/#organization","name":"Bed and Breakfast","alternateName":"BedAndBreakfast","url":"https:\/\/bijonsinhetbos.nl\/","logo":{"@type":"ImageObject","inLanguage":"de","@id":"https:\/\/bijonsinhetbos.nl\/#\/schema\/logo\/image\/","url":"https:\/\/bijonsinhetbos.nl\/wp-content\/uploads\/2023\/11\/cropped-Bijonsinhetbos-LOGO-1.jpg","contentUrl":"https:\/\/bijonsinhetbos.nl\/wp-content\/uploads\/2023\/11\/cropped-Bijonsinhetbos-LOGO-1.jpg","width":512,"height":512,"caption":"Bed and Breakfast"},"image":{"@id":"https:\/\/bijonsinhetbos.nl\/#\/schema\/logo\/image\/"},"sameAs":["https:\/\/www.facebook.com\/bijonsinhetbos","https:\/\/www.instagram.com\/bijonsinhetbos\/"]}]}},"jetpack_sharing_enabled":true,"_links":{"self":[{"href":"https:\/\/bijonsinhetbos.nl\/de\/wp-json\/wp\/v2\/pages\/16","targetHints":{"allow":["GET"]}}],"collection":[{"href":"https:\/\/bijonsinhetbos.nl\/de\/wp-json\/wp\/v2\/pages"}],"about":[{"href":"https:\/\/bijonsinhetbos.nl\/de\/wp-json\/wp\/v2\/types\/page"}],"author":[{"embeddable":true,"href":"https:\/\/bijonsinhetbos.nl\/de\/wp-json\/wp\/v2\/users\/1"}],"replies":[{"embeddable":true,"href":"https:\/\/bijonsinhetbos.nl\/de\/wp-json\/wp\/v2\/comments?post=16"}],"version-history":[{"count":101,"href":"https:\/\/bijonsinhetbos.nl\/de\/wp-json\/wp\/v2\/pages\/16\/revisions"}],"predecessor-version":[{"id":1535,"href":"https:\/\/bijonsinhetbos.nl\/de\/wp-json\/wp\/v2\/pages\/16\/revisions\/1535"}],"wp:attachment":[{"href":"https:\/\/bijonsinhetbos.nl\/de\/wp-json\/wp\/v2\/media?parent=16"}],"curies":[{"name":"wp","href":"https:\/\/api.w.org\/{rel}","templated":true}]}}