{"id":15,"date":"2023-11-12T16:02:20","date_gmt":"2023-11-12T16:02:20","guid":{"rendered":"http:\/\/bijonsinhetbos.nl\/?page_id=15"},"modified":"2026-01-07T13:36:04","modified_gmt":"2026-01-07T13:36:04","slug":"reserveer-een-luxe-overnachting-bij-bb-bij-ons-in-het-bos-in-bergen-op-zoom","status":"publish","type":"page","link":"https:\/\/bijonsinhetbos.nl\/de\/reserveer-een-luxe-overnachting-bij-bb-bij-ons-in-het-bos-in-bergen-op-zoom\/","title":{"rendered":"Buchen"},"content":{"rendered":"<h1 class=\"wp-block-heading has-medium-font-size\"><strong>Buchen Sie hier im B&amp;B Bij ons in het bos in Bergen op Zoom in Brabant eine luxuri\u00f6se \u00dcbernachtung inmitten der Natur.<\/strong><\/h1>\n\n\n\n<figure class=\"wp-block-image alignwide size-blossom-spa-pagination\"><img decoding=\"async\" width=\"370\" height=\"247\" data-src=\"https:\/\/bijonsinhetbos.nl\/wp-content\/uploads\/2024\/11\/sleutel-in-denneboom-met-tekst-reserved-370x247.png\" alt=\"Reserveer hier uw luxe overnachting in de natuur bij B&amp;B Bij ons in het bos in Bergen op Zoom in Brabant\" class=\"wp-image-633 lazyload\" data-srcset=\"https:\/\/bijonsinhetbos.nl\/wp-content\/uploads\/2024\/11\/sleutel-in-denneboom-met-tekst-reserved-370x247.png 370w, https:\/\/bijonsinhetbos.nl\/wp-content\/uploads\/2024\/11\/sleutel-in-denneboom-met-tekst-reserved-776x517.png 776w\" data-sizes=\"(max-width: 370px) 100vw, 370px\" src=\"data:image\/svg+xml;base64,PHN2ZyB3aWR0aD0iMSIgaGVpZ2h0PSIxIiB4bWxucz0iaHR0cDovL3d3dy53My5vcmcvMjAwMC9zdmciPjwvc3ZnPg==\" style=\"--smush-placeholder-width: 370px; --smush-placeholder-aspect-ratio: 370\/247;\" \/><\/figure>\n\n\n\n<div class=\"ftb-widget\" data-id=\"49164\" data-token=\"GaerFM55QXIbzNG7z3vRJQQoMJKXr0nfqLeb6EHIQNL6QFYzET1lOX0fsmRwM\"><\/div><script src=\"https:\/\/widget.freetobook.com\/widget.js?v=20190925\"><\/script>\n\n\n\n<h2 class=\"wp-block-heading has-medium-font-size\">Verbringen Sie 2 N\u00e4chte oder l\u00e4nger im B&amp;B Bij ons in het bos und profitieren Sie von einem g\u00fcnstigeren Preis pro Nacht. Ideal f\u00fcr einen luxuri\u00f6sen und erholsamen Wochenendaufenthalt oder eine kurze Auszeit. Der Rabatt betr\u00e4gt \u20ac 25,- pro Nacht und wird direkt im Gesamtpreis ber\u00fccksichtigt. <\/h2>\n\n\n\n<p>Perfect voor een weekend weg of een (korte) vakantie.<br><span><\/span><br><br>Onze tarieven zijn seizoensgebonden. Bekijk onze <a href=\"https:\/\/bijonsinhetbos.nl\/tarieven-overnachten-b-b-bij-ons-in-het-bos-in-bergen-op-zoom\/\">actuele tarieven en aanbiedingen<\/a>. <br>Besuchen Sie uns auf <a href=\"https:\/\/www.booking.com\/hotel\/nl\/bed-and-breakfast-bij-ons-in-het-bos.nl.html?aid=318615&amp;label=New_Dutch_NL_NL_21456918625-OS13PUgJODlSek21FTm6sAS217244945697pltap1p2acapnegfitidsa-162435867625lp9064479lidecdm&amp;sid=2b30bd006225f83f3638cc660b112e4e&amp;dest_id=-2141129&amp;dest_type=city&amp;dist=0&amp;group_adults=2&amp;group_children=0&amp;hapos=1&amp;hpos=1&amp;no_rooms=1&amp;req_adults=2&amp;req_children=0&amp;room1=AA&amp;sb_price_type=total&amp;sr_order=popularity&amp;srepoch=1746436176&amp;srpvid=d5b24065b7521776&amp;type=total&amp;ucfs=1&amp;\" target=\"_blank\" rel=\"noopener noreferrer\">Booking.com<\/a> und <a href=\"https:\/\/www.airbnb.nl\/rooms\/51914665\" target=\"_blank\" rel=\"noopener noreferrer\">Airbnb<\/a>. <a href=\"https:\/\/www.booking.com\/hotel\/nl\/bed-and-breakfast-bij-ons-in-het-bos.nl.html?aid=318615&amp;label=New_Dutch_NL_NL_21456918625-OS13PUgJODlSek21FTm6sAS217244945697%3Apl%3Ata%3Ap1%3Ap2%3Aac%3Aap%3Aneg%3Afi%3Atidsa-162435867625%3Alp9064479%3Ali%3Adec%3Adm&amp;sid=2b30bd006225f83f3638cc660b112e4e&amp;dest_id=-2141129&amp;dest_type=city&amp;dist=0&amp;group_adults=2&amp;group_children=0&amp;hapos=1&amp;hpos=1&amp;no_rooms=1&amp;req_adults=2&amp;req_children=0&amp;room1=A%2CA&amp;sb_price_type=total&amp;sr_order=popularity&amp;srepoch=1746436176&amp;srpvid=d5b24065b7521776&amp;type=total&amp;ucfs=1&amp;\">op Booking.com<\/a> en <a href=\"https:\/\/www.airbnb.nl\/rooms\/51914665?search_mode=regular_search&amp;adults=1&amp;check_in=2025-05-17&amp;check_out=2025-05-22&amp;children=0&amp;infants=0&amp;pets=0&amp;source_impression_id=p3_1746436273_P3kmqBVYBj-CkzIT&amp;previous_page_section_name=1000&amp;federated_search_id=630a953e-ff43-4ea1-90db-da414f29bdef\"><span><\/span><\/a><\/p>\n\n\n\n<p>Bitte beachten Sie: Das Mindestalter f\u00fcr eine Reservierung betr\u00e4gt 21 Jahre.<\/p>\n\n\n\n<p><\/p>","protected":false},"excerpt":{"rendered":"<p>Reserveer hier een luxe overnachting in de natuur bij B&amp;B Bij ons in het bos in Bergen op Zoom in Brabant. Verblijf 2 nachten of langer bij B&amp;B Bij ons &hellip; <\/p>","protected":false},"author":1,"featured_media":0,"parent":0,"menu_order":0,"comment_status":"closed","ping_status":"closed","template":"","meta":{"footnotes":""},"class_list":["post-15","page","type-page","status-publish","hentry","latest_post"],"yoast_head":"<!-- This site is optimized with the Yoast SEO plugin v27.6 - https:\/\/yoast.com\/product\/yoast-seo-wordpress\/ -->\n<title>Reserveer een luxe overnachting \u2013 Natuurhuisje met priv\u00e9terras<\/title>\n<meta name=\"description\" content=\"Reserveer een luxe overnachting in Bergen op Zoom en ervaar rust, natuur en privacy. Geniet van je eigen tuin met terras. Reserveer online.\" \/>\n<meta name=\"robots\" content=\"index, follow, max-snippet:-1, max-image-preview:large, max-video-preview:-1\" \/>\n<link rel=\"canonical\" href=\"https:\/\/bijonsinhetbos.nl\/de\/reserveer-een-luxe-overnachting-bij-bb-bij-ons-in-het-bos-in-bergen-op-zoom\/\" \/>\n<meta property=\"og:locale\" content=\"de_DE\" \/>\n<meta property=\"og:type\" content=\"article\" \/>\n<meta property=\"og:title\" content=\"Reserveer een luxe overnachting \u2013 Natuurhuisje met priv\u00e9terras\" \/>\n<meta property=\"og:description\" content=\"Reserveer een luxe overnachting in Bergen op Zoom en ervaar rust, natuur en privacy. Geniet van je eigen tuin met terras. Reserveer online.\" \/>\n<meta property=\"og:url\" content=\"https:\/\/bijonsinhetbos.nl\/de\/reserveer-een-luxe-overnachting-bij-bb-bij-ons-in-het-bos-in-bergen-op-zoom\/\" \/>\n<meta property=\"article:publisher\" content=\"https:\/\/www.facebook.com\/bijonsinhetbos\" \/>\n<meta property=\"article:modified_time\" content=\"2026-01-07T13:36:04+00:00\" \/>\n<meta property=\"og:image\" content=\"https:\/\/bijonsinhetbos.nl\/wp-content\/uploads\/2024\/11\/sleutel-in-denneboom-met-tekst-reserved.png\" \/>\n\t<meta property=\"og:image:width\" content=\"1024\" \/>\n\t<meta property=\"og:image:height\" content=\"768\" \/>\n\t<meta property=\"og:image:type\" content=\"image\/png\" \/>\n<meta name=\"twitter:card\" content=\"summary_large_image\" \/>\n<meta name=\"twitter:label1\" content=\"Gesch\u00e4tzte Lesezeit\" \/>\n\t<meta name=\"twitter:data1\" content=\"1\u00a0Minute\" \/>\n<script type=\"application\/ld+json\" class=\"yoast-schema-graph\">{\"@context\":\"https:\\\/\\\/schema.org\",\"@graph\":[{\"@type\":\"WebPage\",\"@id\":\"https:\\\/\\\/bijonsinhetbos.nl\\\/reserveer-een-luxe-overnachting-bij-bb-bij-ons-in-het-bos-in-bergen-op-zoom\\\/\",\"url\":\"https:\\\/\\\/bijonsinhetbos.nl\\\/reserveer-een-luxe-overnachting-bij-bb-bij-ons-in-het-bos-in-bergen-op-zoom\\\/\",\"name\":\"Reserveer een luxe overnachting \u2013 Natuurhuisje met priv\u00e9terras\",\"isPartOf\":{\"@id\":\"https:\\\/\\\/bijonsinhetbos.nl\\\/#website\"},\"primaryImageOfPage\":{\"@id\":\"https:\\\/\\\/bijonsinhetbos.nl\\\/reserveer-een-luxe-overnachting-bij-bb-bij-ons-in-het-bos-in-bergen-op-zoom\\\/#primaryimage\"},\"image\":{\"@id\":\"https:\\\/\\\/bijonsinhetbos.nl\\\/reserveer-een-luxe-overnachting-bij-bb-bij-ons-in-het-bos-in-bergen-op-zoom\\\/#primaryimage\"},\"thumbnailUrl\":\"https:\\\/\\\/bijonsinhetbos.nl\\\/wp-content\\\/uploads\\\/2024\\\/11\\\/sleutel-in-denneboom-met-tekst-reserved-370x247.png\",\"datePublished\":\"2023-11-12T16:02:20+00:00\",\"dateModified\":\"2026-01-07T13:36:04+00:00\",\"description\":\"Reserveer een luxe overnachting in Bergen op Zoom en ervaar rust, natuur en privacy. Geniet van je eigen tuin met terras. Reserveer online.\",\"breadcrumb\":{\"@id\":\"https:\\\/\\\/bijonsinhetbos.nl\\\/reserveer-een-luxe-overnachting-bij-bb-bij-ons-in-het-bos-in-bergen-op-zoom\\\/#breadcrumb\"},\"inLanguage\":\"de\",\"potentialAction\":[{\"@type\":\"ReadAction\",\"target\":[\"https:\\\/\\\/bijonsinhetbos.nl\\\/reserveer-een-luxe-overnachting-bij-bb-bij-ons-in-het-bos-in-bergen-op-zoom\\\/\"]}]},{\"@type\":\"ImageObject\",\"inLanguage\":\"de\",\"@id\":\"https:\\\/\\\/bijonsinhetbos.nl\\\/reserveer-een-luxe-overnachting-bij-bb-bij-ons-in-het-bos-in-bergen-op-zoom\\\/#primaryimage\",\"url\":\"https:\\\/\\\/bijonsinhetbos.nl\\\/wp-content\\\/uploads\\\/2024\\\/11\\\/sleutel-in-denneboom-met-tekst-reserved-370x247.png\",\"contentUrl\":\"https:\\\/\\\/bijonsinhetbos.nl\\\/wp-content\\\/uploads\\\/2024\\\/11\\\/sleutel-in-denneboom-met-tekst-reserved-370x247.png\"},{\"@type\":\"BreadcrumbList\",\"@id\":\"https:\\\/\\\/bijonsinhetbos.nl\\\/reserveer-een-luxe-overnachting-bij-bb-bij-ons-in-het-bos-in-bergen-op-zoom\\\/#breadcrumb\",\"itemListElement\":[{\"@type\":\"ListItem\",\"position\":1,\"name\":\"Home\",\"item\":\"https:\\\/\\\/bijonsinhetbos.nl\\\/\"},{\"@type\":\"ListItem\",\"position\":2,\"name\":\"Make a booking\"}]},{\"@type\":\"WebSite\",\"@id\":\"https:\\\/\\\/bijonsinhetbos.nl\\\/#website\",\"url\":\"https:\\\/\\\/bijonsinhetbos.nl\\\/\",\"name\":\"B&B Bij ons in het bos\",\"description\":\"\",\"publisher\":{\"@id\":\"https:\\\/\\\/bijonsinhetbos.nl\\\/#organization\"},\"alternateName\":\"Bed and breakfast in Bergen op Zoom\",\"potentialAction\":[{\"@type\":\"SearchAction\",\"target\":{\"@type\":\"EntryPoint\",\"urlTemplate\":\"https:\\\/\\\/bijonsinhetbos.nl\\\/?s={search_term_string}\"},\"query-input\":{\"@type\":\"PropertyValueSpecification\",\"valueRequired\":true,\"valueName\":\"search_term_string\"}}],\"inLanguage\":\"de\"},{\"@type\":\"Organization\",\"@id\":\"https:\\\/\\\/bijonsinhetbos.nl\\\/#organization\",\"name\":\"Bed and Breakfast\",\"alternateName\":\"BedAndBreakfast\",\"url\":\"https:\\\/\\\/bijonsinhetbos.nl\\\/\",\"logo\":{\"@type\":\"ImageObject\",\"inLanguage\":\"de\",\"@id\":\"https:\\\/\\\/bijonsinhetbos.nl\\\/#\\\/schema\\\/logo\\\/image\\\/\",\"url\":\"https:\\\/\\\/bijonsinhetbos.nl\\\/wp-content\\\/uploads\\\/2023\\\/11\\\/cropped-Bijonsinhetbos-LOGO-1.jpg\",\"contentUrl\":\"https:\\\/\\\/bijonsinhetbos.nl\\\/wp-content\\\/uploads\\\/2023\\\/11\\\/cropped-Bijonsinhetbos-LOGO-1.jpg\",\"width\":512,\"height\":512,\"caption\":\"Bed and Breakfast\"},\"image\":{\"@id\":\"https:\\\/\\\/bijonsinhetbos.nl\\\/#\\\/schema\\\/logo\\\/image\\\/\"},\"sameAs\":[\"https:\\\/\\\/www.facebook.com\\\/bijonsinhetbos\",\"https:\\\/\\\/www.instagram.com\\\/bijonsinhetbos\\\/\"]}]}<\/script>\n<!-- \/ Yoast SEO plugin. -->","yoast_head_json":{"title":"Reserveer een luxe overnachting \u2013 Natuurhuisje met priv\u00e9terras","description":"Reserveer een luxe overnachting in Bergen op Zoom en ervaar rust, natuur en privacy. Geniet van je eigen tuin met terras. Reserveer online.","robots":{"index":"index","follow":"follow","max-snippet":"max-snippet:-1","max-image-preview":"max-image-preview:large","max-video-preview":"max-video-preview:-1"},"canonical":"https:\/\/bijonsinhetbos.nl\/de\/reserveer-een-luxe-overnachting-bij-bb-bij-ons-in-het-bos-in-bergen-op-zoom\/","og_locale":"de_DE","og_type":"article","og_title":"Reserveer een luxe overnachting \u2013 Natuurhuisje met priv\u00e9terras","og_description":"Reserveer een luxe overnachting in Bergen op Zoom en ervaar rust, natuur en privacy. Geniet van je eigen tuin met terras. Reserveer online.","og_url":"https:\/\/bijonsinhetbos.nl\/de\/reserveer-een-luxe-overnachting-bij-bb-bij-ons-in-het-bos-in-bergen-op-zoom\/","article_publisher":"https:\/\/www.facebook.com\/bijonsinhetbos","article_modified_time":"2026-01-07T13:36:04+00:00","og_image":[{"width":1024,"height":768,"url":"https:\/\/bijonsinhetbos.nl\/wp-content\/uploads\/2024\/11\/sleutel-in-denneboom-met-tekst-reserved.png","type":"image\/png"}],"twitter_card":"summary_large_image","twitter_misc":{"Gesch\u00e4tzte Lesezeit":"1\u00a0Minute"},"schema":{"@context":"https:\/\/schema.org","@graph":[{"@type":"WebPage","@id":"https:\/\/bijonsinhetbos.nl\/reserveer-een-luxe-overnachting-bij-bb-bij-ons-in-het-bos-in-bergen-op-zoom\/","url":"https:\/\/bijonsinhetbos.nl\/reserveer-een-luxe-overnachting-bij-bb-bij-ons-in-het-bos-in-bergen-op-zoom\/","name":"Reserveer een luxe overnachting \u2013 Natuurhuisje met priv\u00e9terras","isPartOf":{"@id":"https:\/\/bijonsinhetbos.nl\/#website"},"primaryImageOfPage":{"@id":"https:\/\/bijonsinhetbos.nl\/reserveer-een-luxe-overnachting-bij-bb-bij-ons-in-het-bos-in-bergen-op-zoom\/#primaryimage"},"image":{"@id":"https:\/\/bijonsinhetbos.nl\/reserveer-een-luxe-overnachting-bij-bb-bij-ons-in-het-bos-in-bergen-op-zoom\/#primaryimage"},"thumbnailUrl":"https:\/\/bijonsinhetbos.nl\/wp-content\/uploads\/2024\/11\/sleutel-in-denneboom-met-tekst-reserved-370x247.png","datePublished":"2023-11-12T16:02:20+00:00","dateModified":"2026-01-07T13:36:04+00:00","description":"Reserveer een luxe overnachting in Bergen op Zoom en ervaar rust, natuur en privacy. Geniet van je eigen tuin met terras. Reserveer online.","breadcrumb":{"@id":"https:\/\/bijonsinhetbos.nl\/reserveer-een-luxe-overnachting-bij-bb-bij-ons-in-het-bos-in-bergen-op-zoom\/#breadcrumb"},"inLanguage":"de","potentialAction":[{"@type":"ReadAction","target":["https:\/\/bijonsinhetbos.nl\/reserveer-een-luxe-overnachting-bij-bb-bij-ons-in-het-bos-in-bergen-op-zoom\/"]}]},{"@type":"ImageObject","inLanguage":"de","@id":"https:\/\/bijonsinhetbos.nl\/reserveer-een-luxe-overnachting-bij-bb-bij-ons-in-het-bos-in-bergen-op-zoom\/#primaryimage","url":"https:\/\/bijonsinhetbos.nl\/wp-content\/uploads\/2024\/11\/sleutel-in-denneboom-met-tekst-reserved-370x247.png","contentUrl":"https:\/\/bijonsinhetbos.nl\/wp-content\/uploads\/2024\/11\/sleutel-in-denneboom-met-tekst-reserved-370x247.png"},{"@type":"BreadcrumbList","@id":"https:\/\/bijonsinhetbos.nl\/reserveer-een-luxe-overnachting-bij-bb-bij-ons-in-het-bos-in-bergen-op-zoom\/#breadcrumb","itemListElement":[{"@type":"ListItem","position":1,"name":"Home","item":"https:\/\/bijonsinhetbos.nl\/"},{"@type":"ListItem","position":2,"name":"Make a booking"}]},{"@type":"WebSite","@id":"https:\/\/bijonsinhetbos.nl\/#website","url":"https:\/\/bijonsinhetbos.nl\/","name":"B&B Bij ons in het bos","description":"","publisher":{"@id":"https:\/\/bijonsinhetbos.nl\/#organization"},"alternateName":"Bed and breakfast in Bergen op Zoom","potentialAction":[{"@type":"SearchAction","target":{"@type":"EntryPoint","urlTemplate":"https:\/\/bijonsinhetbos.nl\/?s={search_term_string}"},"query-input":{"@type":"PropertyValueSpecification","valueRequired":true,"valueName":"search_term_string"}}],"inLanguage":"de"},{"@type":"Organization","@id":"https:\/\/bijonsinhetbos.nl\/#organization","name":"Bed and Breakfast","alternateName":"BedAndBreakfast","url":"https:\/\/bijonsinhetbos.nl\/","logo":{"@type":"ImageObject","inLanguage":"de","@id":"https:\/\/bijonsinhetbos.nl\/#\/schema\/logo\/image\/","url":"https:\/\/bijonsinhetbos.nl\/wp-content\/uploads\/2023\/11\/cropped-Bijonsinhetbos-LOGO-1.jpg","contentUrl":"https:\/\/bijonsinhetbos.nl\/wp-content\/uploads\/2023\/11\/cropped-Bijonsinhetbos-LOGO-1.jpg","width":512,"height":512,"caption":"Bed and Breakfast"},"image":{"@id":"https:\/\/bijonsinhetbos.nl\/#\/schema\/logo\/image\/"},"sameAs":["https:\/\/www.facebook.com\/bijonsinhetbos","https:\/\/www.instagram.com\/bijonsinhetbos\/"]}]}},"jetpack_sharing_enabled":true,"_links":{"self":[{"href":"https:\/\/bijonsinhetbos.nl\/de\/wp-json\/wp\/v2\/pages\/15","targetHints":{"allow":["GET"]}}],"collection":[{"href":"https:\/\/bijonsinhetbos.nl\/de\/wp-json\/wp\/v2\/pages"}],"about":[{"href":"https:\/\/bijonsinhetbos.nl\/de\/wp-json\/wp\/v2\/types\/page"}],"author":[{"embeddable":true,"href":"https:\/\/bijonsinhetbos.nl\/de\/wp-json\/wp\/v2\/users\/1"}],"replies":[{"embeddable":true,"href":"https:\/\/bijonsinhetbos.nl\/de\/wp-json\/wp\/v2\/comments?post=15"}],"version-history":[{"count":89,"href":"https:\/\/bijonsinhetbos.nl\/de\/wp-json\/wp\/v2\/pages\/15\/revisions"}],"predecessor-version":[{"id":1448,"href":"https:\/\/bijonsinhetbos.nl\/de\/wp-json\/wp\/v2\/pages\/15\/revisions\/1448"}],"wp:attachment":[{"href":"https:\/\/bijonsinhetbos.nl\/de\/wp-json\/wp\/v2\/media?parent=15"}],"curies":[{"name":"wp","href":"https:\/\/api.w.org\/{rel}","templated":true}]}}